{"id":488,"date":"2023-06-06T17:59:53","date_gmt":"2023-06-06T17:59:53","guid":{"rendered":"https:\/\/ihgp-steuer.de\/?page_id=488"},"modified":"2024-12-20T14:21:28","modified_gmt":"2024-12-20T14:21:28","slug":"mandanten-login","status":"publish","type":"page","link":"https:\/\/ihgp-steuer.de\/tr\/mandanten-login\/","title":{"rendered":"Mandanten-Login"},"content":{"rendered":"<div data-elementor-type=\"wp-page\" data-elementor-id=\"488\" class=\"elementor elementor-488\">\n\t\t\t\t\t\t<section class=\"elementor-section elementor-top-section elementor-element elementor-element-b29341c elementor-section-height-min-height elementor-section-boxed elementor-section-height-default elementor-section-items-middle\" data-id=\"b29341c\" data-element_type=\"section\" data-e-type=\"section\">\n\t\t\t\t\t\t<div class=\"elementor-container elementor-column-gap-default\">\n\t\t\t\t\t<div class=\"elementor-column elementor-col-100 elementor-top-column elementor-element elementor-element-627c001\" data-id=\"627c001\" data-element_type=\"column\" data-e-type=\"column\">\n\t\t\t<div class=\"elementor-widget-wrap\">\n\t\t\t\t\t\t\t<\/div>\n\t\t<\/div>\n\t\t\t\t\t<\/div>\n\t\t<\/section>\n\t\t\t\t<section class=\"elementor-section elementor-top-section elementor-element elementor-element-9baf218 elementor-section-boxed elementor-section-height-default elementor-section-height-default\" data-id=\"9baf218\" data-element_type=\"section\" data-e-type=\"section\">\n\t\t\t\t\t\t<div class=\"elementor-container elementor-column-gap-default\">\n\t\t\t\t\t<div class=\"elementor-column elementor-col-100 elementor-top-column elementor-element elementor-element-2c4f45a\" data-id=\"2c4f45a\" data-element_type=\"column\" data-e-type=\"column\">\n\t\t\t<div class=\"elementor-widget-wrap elementor-element-populated\">\n\t\t\t\t\t\t<div class=\"elementor-element elementor-element-8e27167 elementor-widget elementor-widget-text-editor\" data-id=\"8e27167\" data-element_type=\"widget\" data-e-type=\"widget\" data-widget_type=\"text-editor.default\">\n\t\t\t\t<div class=\"elementor-widget-container\">\n\t\t\t\t\t\t\t\t\t<p><strong>Login Mandanten-Bereich<\/strong><br \/>Dieser Bereich ist nur f\u00fcr unsere Mandanten zug\u00e4nglich.<\/p><p>Falls Sie einen Zugang ben\u00f6tigen,<span class=\"apple-converted-space\">\u00a0<\/span>kontaktieren<span class=\"apple-converted-space\">\u00a0<\/span>Sie uns bitte. Wir senden Ihnen ihre individuellen Zugangsdaten zu, sodass Sie schnell und unkompliziert Ihre Dokumente einsehen und herunterladen k\u00f6nnen.<\/p><p>Um Missbrauch vorzubeugen, wird die IP- Adresse des sendenden Rechners gespeichert!<\/p>\t\t\t\t\t\t\t\t<\/div>\n\t\t\t\t<\/div>\n\t\t\t\t<div class=\"elementor-element elementor-element-503fafe elementor-align-center elementor-widget elementor-widget-button\" data-id=\"503fafe\" data-element_type=\"widget\" data-e-type=\"widget\" data-widget_type=\"button.default\">\n\t\t\t\t<div class=\"elementor-widget-container\">\n\t\t\t\t\t\t\t\t\t<div class=\"elementor-button-wrapper\">\n\t\t\t\t\t<a class=\"elementor-button elementor-button-link elementor-size-sm\" href=\"https:\/\/my.digitastic.app\/#\/login\" target=\"_blank\">\n\t\t\t\t\t\t<span class=\"elementor-button-content-wrapper\">\n\t\t\t\t\t\t\t\t\t<span class=\"elementor-button-text\">Login<\/span>\n\t\t\t\t\t<\/span>\n\t\t\t\t\t<\/a>\n\t\t\t\t<\/div>\n\t\t\t\t\t\t\t\t<\/div>\n\t\t\t\t<\/div>\n\t\t\t\t\t<\/div>\n\t\t<\/div>\n\t\t\t\t\t<\/div>\n\t\t<\/section>\n\t\t\t\t<section class=\"elementor-section elementor-top-section elementor-element elementor-element-880e247 elementor-section-boxed elementor-section-height-default elementor-section-height-default\" data-id=\"880e247\" data-element_type=\"section\" data-e-type=\"section\">\n\t\t\t\t\t\t<div class=\"elementor-container elementor-column-gap-default\">\n\t\t\t\t\t<div class=\"elementor-column elementor-col-50 elementor-top-column elementor-element elementor-element-bc02753\" data-id=\"bc02753\" data-element_type=\"column\" data-e-type=\"column\">\n\t\t\t<div class=\"elementor-widget-wrap elementor-element-populated\">\n\t\t\t\t\t\t<div class=\"elementor-element elementor-element-9247674 elementor-widget elementor-widget-heading\" data-id=\"9247674\" data-element_type=\"widget\" data-e-type=\"widget\" data-widget_type=\"heading.default\">\n\t\t\t\t<div class=\"elementor-widget-container\">\n\t\t\t\t\t<h2 class=\"elementor-heading-title elementor-size-default\">Wir freuen uns auf Sie.<\/h2>\t\t\t\t<\/div>\n\t\t\t\t<\/div>\n\t\t\t\t\t<\/div>\n\t\t<\/div>\n\t\t\t\t<div class=\"elementor-column elementor-col-50 elementor-top-column elementor-element elementor-element-2e62fe0\" data-id=\"2e62fe0\" data-element_type=\"column\" data-e-type=\"column\">\n\t\t\t<div class=\"elementor-widget-wrap\">\n\t\t\t\t\t\t\t<\/div>\n\t\t<\/div>\n\t\t\t\t\t<\/div>\n\t\t<\/section>\n\t\t\t\t<section class=\"elementor-section elementor-top-section elementor-element elementor-element-2c3ebe6 elementor-section-height-min-height elementor-section-boxed elementor-section-height-default elementor-section-items-middle\" data-id=\"2c3ebe6\" data-element_type=\"section\" data-e-type=\"section\" data-settings=\"{&quot;background_background&quot;:&quot;classic&quot;}\">\n\t\t\t\t\t\t<div class=\"elementor-container elementor-column-gap-default\">\n\t\t\t\t\t<div class=\"elementor-column elementor-col-50 elementor-top-column elementor-element elementor-element-f4ee254\" data-id=\"f4ee254\" data-element_type=\"column\" data-e-type=\"column\">\n\t\t\t<div class=\"elementor-widget-wrap elementor-element-populated\">\n\t\t\t\t\t\t<div class=\"elementor-element elementor-element-fe4e964 elementor-widget elementor-widget-text-editor\" data-id=\"fe4e964\" data-element_type=\"widget\" data-e-type=\"widget\" data-widget_type=\"text-editor.default\">\n\t\t\t\t<div class=\"elementor-widget-container\">\n\t\t\t\t\t\t\t\t\t<p><strong>IHGP STEUER GmbH Steuerberatungsgesellschaft<\/strong><br \/>Zimmerstra\u00dfe 26\/27<br \/>10969 Berlin<br \/>T <a href=\"tel:+493061101860\">030 611 01 86\u20130<\/a><br \/>F 030 611 01 86\u201328<br \/>E <a href=\"mailto:kanzlei@ihgp-steuer.de\">kanzlei@ihgp-steuer.de<\/a><\/p>\t\t\t\t\t\t\t\t<\/div>\n\t\t\t\t<\/div>\n\t\t\t\t<div class=\"elementor-element elementor-element-ee117bc elementor-widget elementor-widget-text-editor\" data-id=\"ee117bc\" data-element_type=\"widget\" data-e-type=\"widget\" data-widget_type=\"text-editor.default\">\n\t\t\t\t<div class=\"elementor-widget-container\">\n\t\t\t\t\t\t\t\t\t<p><strong>Service-Zeiten<br><\/strong>Montag<strong>&nbsp;&nbsp;&nbsp;&nbsp;&nbsp;&nbsp;&nbsp;&nbsp;&nbsp;&nbsp; <\/strong>09:00 \u2013 17:00<br>Dienstag<strong>&nbsp;&nbsp;&nbsp;&nbsp;&nbsp;&nbsp;&nbsp;&nbsp; <\/strong>09:00 \u2013 17:00<br>Mittwoch<strong>&nbsp;&nbsp;&nbsp;&nbsp;&nbsp;&nbsp;&nbsp; <\/strong>Termine nach Vereinbarung<br>Donnerstag &nbsp; &nbsp; &nbsp; 09:00 \u2013 17:00<br>Freitag <strong>&nbsp; &nbsp; &nbsp; &nbsp; &nbsp; &nbsp;<\/strong>09:00 \u2013 17:00<br>Termine nach Vereinbarung, auch au\u00dferhalb der Service-Zeiten<\/p>\t\t\t\t\t\t\t\t<\/div>\n\t\t\t\t<\/div>\n\t\t\t\t\t<\/div>\n\t\t<\/div>\n\t\t\t\t<div class=\"elementor-column elementor-col-50 elementor-top-column elementor-element elementor-element-29db027\" data-id=\"29db027\" data-element_type=\"column\" data-e-type=\"column\">\n\t\t\t<div class=\"elementor-widget-wrap elementor-element-populated\">\n\t\t\t\t\t\t<div class=\"elementor-element elementor-element-4b11051 elementor-widget elementor-widget-text-editor\" data-id=\"4b11051\" data-element_type=\"widget\" data-e-type=\"widget\" data-widget_type=\"text-editor.default\">\n\t\t\t\t<div class=\"elementor-widget-container\">\n\t\t\t\t\t\t\t\t\t<p><strong>IHGP RECHT GmbH Rechtsanwaltsgesellschaft<\/strong><br \/>Zimmerstra\u00dfe 26\/27<br \/>10969 Berlin<br \/>T <a href=\"tel:+4930611018620\">030 611 01 86\u201320<\/a><br \/>F 030 611 01 86\u201329<br \/>E <a href=\"mailto:kanzlei@ihgp-recht.de\">kanzlei@ihgp-recht.de<\/a><\/p>\t\t\t\t\t\t\t\t<\/div>\n\t\t\t\t<\/div>\n\t\t\t\t<div class=\"elementor-element elementor-element-c635294 elementor-widget elementor-widget-text-editor\" data-id=\"c635294\" data-element_type=\"widget\" data-e-type=\"widget\" data-widget_type=\"text-editor.default\">\n\t\t\t\t<div class=\"elementor-widget-container\">\n\t\t\t\t\t\t\t\t\t<p><strong>Service-Zeiten<br \/><\/strong>Montag<strong>\u00a0\u00a0\u00a0\u00a0\u00a0\u00a0\u00a0\u00a0\u00a0\u00a0 <\/strong>09:00 \u2013 17:00<br \/>Dienstag<strong>\u00a0\u00a0\u00a0\u00a0\u00a0\u00a0\u00a0\u00a0 <\/strong>09:00 \u2013 17:00<br \/>Mittwoch<strong>\u00a0\u00a0\u00a0\u00a0\u00a0\u00a0\u00a0 <\/strong>Termine nach Vereinbarung<br \/>Donnerstag \u00a0 \u00a0 \u00a0 09:00 \u2013 17:00<br \/>Freitag <strong>\u00a0 \u00a0 \u00a0 \u00a0 \u00a0 \u00a0<\/strong>09:00 \u2013 17:00<br \/>Termine nach Vereinbarung, auch au\u00dferhalb der Service-Zeiten<\/p>\t\t\t\t\t\t\t\t<\/div>\n\t\t\t\t<\/div>\n\t\t\t\t\t<\/div>\n\t\t<\/div>\n\t\t\t\t\t<\/div>\n\t\t<\/section>\n\t\t\t\t<section class=\"elementor-section elementor-top-section elementor-element elementor-element-a65810d elementor-section-full_width elementor-section-height-min-height elementor-section-height-default elementor-section-items-middle\" data-id=\"a65810d\" data-element_type=\"section\" data-e-type=\"section\" data-settings=\"{&quot;background_background&quot;:&quot;classic&quot;}\">\n\t\t\t\t\t\t<div class=\"elementor-container elementor-column-gap-no\">\n\t\t\t\t\t<div class=\"elementor-column elementor-col-100 elementor-top-column elementor-element elementor-element-25e3623f\" data-id=\"25e3623f\" data-element_type=\"column\" data-e-type=\"column\">\n\t\t\t<div class=\"elementor-widget-wrap elementor-element-populated\">\n\t\t\t\t\t\t<div class=\"elementor-element elementor-element-4fdc4186 elementor-widget elementor-widget-google_maps\" data-id=\"4fdc4186\" data-element_type=\"widget\" data-e-type=\"widget\" data-widget_type=\"google_maps.default\">\n\t\t\t\t<div class=\"elementor-widget-container\">\n\t\t\t\t\t\t\t<div class=\"elementor-custom-embed\">\n\t\t\t<iframe loading=\"lazy\"\n\t\t\t\t\tsrc=\"https:\/\/maps.google.com\/maps?q=Zimmerstra%C3%9Fe%2026%2F27%2C%2010969%20Berlin&#038;t=m&#038;z=16&#038;output=embed&#038;iwloc=near\"\n\t\t\t\t\ttitle=\"Zimmerstra\u00dfe 26\/27, 10969 Berlin\"\n\t\t\t\t\taria-label=\"Zimmerstra\u00dfe 26\/27, 10969 Berlin\"\n\t\t\t><\/iframe>\n\t\t<\/div>\n\t\t\t\t\t\t<\/div>\n\t\t\t\t<\/div>\n\t\t\t\t\t<\/div>\n\t\t<\/div>\n\t\t\t\t\t<\/div>\n\t\t<\/section>\n\t\t\t\t<\/div>","protected":false},"excerpt":{"rendered":"<p>Login Mandanten-BereichDieser Bereich ist nur f\u00fcr unsere Mandanten zug\u00e4nglich. Falls Sie einen Zugang ben\u00f6tigen,\u00a0kontaktieren\u00a0Sie uns bitte. Wir senden Ihnen ihre individuellen Zugangsdaten zu, sodass Sie schnell und unkompliziert Ihre Dokumente einsehen und herunterladen k\u00f6nnen. Um Missbrauch vorzubeugen, wird die IP- Adresse des sendenden Rechners gespeichert! Login Wir freuen uns auf Sie. IHGP STEUER GmbH SteuerberatungsgesellschaftZimmerstra\u00dfe [&hellip;]<\/p>\n","protected":false},"author":1,"featured_media":0,"parent":0,"menu_order":0,"comment_status":"closed","ping_status":"closed","template":"","meta":{"ocean_post_layout":"full-screen","ocean_both_sidebars_style":"","ocean_both_sidebars_content_width":0,"ocean_both_sidebars_sidebars_width":0,"ocean_sidebar":"0","ocean_second_sidebar":"0","ocean_disable_margins":"enable","ocean_add_body_class":"","ocean_shortcode_before_top_bar":"","ocean_shortcode_after_top_bar":"","ocean_shortcode_before_header":"","ocean_shortcode_after_header":"","ocean_has_shortcode":"","ocean_shortcode_after_title":"","ocean_shortcode_before_footer_widgets":"","ocean_shortcode_after_footer_widgets":"","ocean_shortcode_before_footer_bottom":"","ocean_shortcode_after_footer_bottom":"","ocean_display_top_bar":"off","ocean_display_header":"default","ocean_header_style":"","ocean_center_header_left_menu":"0","ocean_custom_header_template":"0","ocean_custom_logo":0,"ocean_custom_retina_logo":0,"ocean_custom_logo_max_width":0,"ocean_custom_logo_tablet_max_width":0,"ocean_custom_logo_mobile_max_width":0,"ocean_custom_logo_max_height":0,"ocean_custom_logo_tablet_max_height":0,"ocean_custom_logo_mobile_max_height":0,"ocean_header_custom_menu":"0","ocean_menu_typo_font_family":"0","ocean_menu_typo_font_subset":"","ocean_menu_typo_font_size":0,"ocean_menu_typo_font_size_tablet":0,"ocean_menu_typo_font_size_mobile":0,"ocean_menu_typo_font_size_unit":"px","ocean_menu_typo_font_weight":"","ocean_menu_typo_font_weight_tablet":"","ocean_menu_typo_font_weight_mobile":"","ocean_menu_typo_transform":"","ocean_menu_typo_transform_tablet":"","ocean_menu_typo_transform_mobile":"","ocean_menu_typo_line_height":0,"ocean_menu_typo_line_height_tablet":0,"ocean_menu_typo_line_height_mobile":0,"ocean_menu_typo_line_height_unit":"","ocean_menu_typo_spacing":0,"ocean_menu_typo_spacing_tablet":0,"ocean_menu_typo_spacing_mobile":0,"ocean_menu_typo_spacing_unit":"","ocean_menu_link_color":"","ocean_menu_link_color_hover":"","ocean_menu_link_color_active":"","ocean_menu_link_background":"","ocean_menu_link_hover_background":"","ocean_menu_link_active_background":"","ocean_menu_social_links_bg":"","ocean_menu_social_hover_links_bg":"","ocean_menu_social_links_color":"","ocean_menu_social_hover_links_color":"","ocean_disable_title":"on","ocean_disable_heading":"default","ocean_post_title":"","ocean_post_subheading":"","ocean_post_title_style":"","ocean_post_title_background_color":"","ocean_post_title_background":0,"ocean_post_title_bg_image_position":"","ocean_post_title_bg_image_attachment":"","ocean_post_title_bg_image_repeat":"","ocean_post_title_bg_image_size":"","ocean_post_title_height":0,"ocean_post_title_bg_overlay":0.5,"ocean_post_title_bg_overlay_color":"","ocean_disable_breadcrumbs":"default","ocean_breadcrumbs_color":"","ocean_breadcrumbs_separator_color":"","ocean_breadcrumbs_links_color":"","ocean_breadcrumbs_links_hover_color":"","ocean_display_footer_widgets":"default","ocean_display_footer_bottom":"default","ocean_custom_footer_template":"0","footnotes":""},"class_list":["post-488","page","type-page","status-publish","hentry","entry"],"yoast_head":"<!-- This site is optimized with the Yoast SEO plugin v27.5 - https:\/\/yoast.com\/product\/yoast-seo-wordpress\/ -->\n<title>Mandanten-Login - IHGP-STEUER<\/title>\n<meta name=\"robots\" content=\"index, follow, max-snippet:-1, max-image-preview:large, max-video-preview:-1\" \/>\n<link rel=\"canonical\" href=\"https:\/\/ihgp-steuer.de\/tr\/mandanten-login\/\" \/>\n<meta property=\"og:locale\" content=\"tr_TR\" \/>\n<meta property=\"og:type\" content=\"article\" \/>\n<meta property=\"og:title\" content=\"Mandanten-Login - IHGP-STEUER\" \/>\n<meta property=\"og:description\" content=\"Login Mandanten-BereichDieser Bereich ist nur f\u00fcr unsere Mandanten zug\u00e4nglich. Falls Sie einen Zugang ben\u00f6tigen,\u00a0kontaktieren\u00a0Sie uns bitte. Wir senden Ihnen ihre individuellen Zugangsdaten zu, sodass Sie schnell und unkompliziert Ihre Dokumente einsehen und herunterladen k\u00f6nnen. Um Missbrauch vorzubeugen, wird die IP- Adresse des sendenden Rechners gespeichert! Login Wir freuen uns auf Sie. IHGP STEUER GmbH SteuerberatungsgesellschaftZimmerstra\u00dfe [&hellip;]\" \/>\n<meta property=\"og:url\" content=\"https:\/\/ihgp-steuer.de\/tr\/mandanten-login\/\" \/>\n<meta property=\"og:site_name\" content=\"IHGP-STEUER\" \/>\n<meta property=\"article:modified_time\" content=\"2024-12-20T14:21:28+00:00\" \/>\n<meta name=\"twitter:card\" content=\"summary_large_image\" \/>\n<meta name=\"twitter:label1\" content=\"Tahmini okuma s\u00fcresi\" \/>\n\t<meta name=\"twitter:data1\" content=\"1 dakika\" \/>\n<script type=\"application\/ld+json\" class=\"yoast-schema-graph\">{\"@context\":\"https:\\\/\\\/schema.org\",\"@graph\":[{\"@type\":\"WebPage\",\"@id\":\"https:\\\/\\\/ihgp-steuer.de\\\/mandanten-login\\\/\",\"url\":\"https:\\\/\\\/ihgp-steuer.de\\\/mandanten-login\\\/\",\"name\":\"Mandanten-Login - IHGP-STEUER\",\"isPartOf\":{\"@id\":\"https:\\\/\\\/ihgp-steuer.de\\\/#website\"},\"datePublished\":\"2023-06-06T17:59:53+00:00\",\"dateModified\":\"2024-12-20T14:21:28+00:00\",\"breadcrumb\":{\"@id\":\"https:\\\/\\\/ihgp-steuer.de\\\/mandanten-login\\\/#breadcrumb\"},\"inLanguage\":\"tr\",\"potentialAction\":[{\"@type\":\"ReadAction\",\"target\":[\"https:\\\/\\\/ihgp-steuer.de\\\/mandanten-login\\\/\"]}]},{\"@type\":\"BreadcrumbList\",\"@id\":\"https:\\\/\\\/ihgp-steuer.de\\\/mandanten-login\\\/#breadcrumb\",\"itemListElement\":[{\"@type\":\"ListItem\",\"position\":1,\"name\":\"Startseite\",\"item\":\"https:\\\/\\\/ihgp-steuer.de\\\/\"},{\"@type\":\"ListItem\",\"position\":2,\"name\":\"Mandanten-Login\"}]},{\"@type\":\"WebSite\",\"@id\":\"https:\\\/\\\/ihgp-steuer.de\\\/#website\",\"url\":\"https:\\\/\\\/ihgp-steuer.de\\\/\",\"name\":\"IHGP-STEUER\",\"description\":\"\",\"publisher\":{\"@id\":\"https:\\\/\\\/ihgp-steuer.de\\\/#organization\"},\"potentialAction\":[{\"@type\":\"SearchAction\",\"target\":{\"@type\":\"EntryPoint\",\"urlTemplate\":\"https:\\\/\\\/ihgp-steuer.de\\\/?s={search_term_string}\"},\"query-input\":{\"@type\":\"PropertyValueSpecification\",\"valueRequired\":true,\"valueName\":\"search_term_string\"}}],\"inLanguage\":\"tr\"},{\"@type\":\"Organization\",\"@id\":\"https:\\\/\\\/ihgp-steuer.de\\\/#organization\",\"name\":\"IHGP-STEUER\",\"url\":\"https:\\\/\\\/ihgp-steuer.de\\\/\",\"logo\":{\"@type\":\"ImageObject\",\"inLanguage\":\"tr\",\"@id\":\"https:\\\/\\\/ihgp-steuer.de\\\/#\\\/schema\\\/logo\\\/image\\\/\",\"url\":\"https:\\\/\\\/ihgp-steuer.de\\\/wp-content\\\/uploads\\\/2023\\\/06\\\/cropped-cropped-IHGP-Steuer-Logo-CMYK-weiss-1.png\",\"contentUrl\":\"https:\\\/\\\/ihgp-steuer.de\\\/wp-content\\\/uploads\\\/2023\\\/06\\\/cropped-cropped-IHGP-Steuer-Logo-CMYK-weiss-1.png\",\"width\":1198,\"height\":1218,\"caption\":\"IHGP-STEUER\"},\"image\":{\"@id\":\"https:\\\/\\\/ihgp-steuer.de\\\/#\\\/schema\\\/logo\\\/image\\\/\"}}]}<\/script>\n<!-- \/ Yoast SEO plugin. -->","yoast_head_json":{"title":"Mandanten-Login - IHGP-STEUER","robots":{"index":"index","follow":"follow","max-snippet":"max-snippet:-1","max-image-preview":"max-image-preview:large","max-video-preview":"max-video-preview:-1"},"canonical":"https:\/\/ihgp-steuer.de\/tr\/mandanten-login\/","og_locale":"tr_TR","og_type":"article","og_title":"Mandanten-Login - IHGP-STEUER","og_description":"Login Mandanten-BereichDieser Bereich ist nur f\u00fcr unsere Mandanten zug\u00e4nglich. Falls Sie einen Zugang ben\u00f6tigen,\u00a0kontaktieren\u00a0Sie uns bitte. Wir senden Ihnen ihre individuellen Zugangsdaten zu, sodass Sie schnell und unkompliziert Ihre Dokumente einsehen und herunterladen k\u00f6nnen. Um Missbrauch vorzubeugen, wird die IP- Adresse des sendenden Rechners gespeichert! Login Wir freuen uns auf Sie. IHGP STEUER GmbH SteuerberatungsgesellschaftZimmerstra\u00dfe [&hellip;]","og_url":"https:\/\/ihgp-steuer.de\/tr\/mandanten-login\/","og_site_name":"IHGP-STEUER","article_modified_time":"2024-12-20T14:21:28+00:00","twitter_card":"summary_large_image","twitter_misc":{"Tahmini okuma s\u00fcresi":"1 dakika"},"schema":{"@context":"https:\/\/schema.org","@graph":[{"@type":"WebPage","@id":"https:\/\/ihgp-steuer.de\/mandanten-login\/","url":"https:\/\/ihgp-steuer.de\/mandanten-login\/","name":"Mandanten-Login - IHGP-STEUER","isPartOf":{"@id":"https:\/\/ihgp-steuer.de\/#website"},"datePublished":"2023-06-06T17:59:53+00:00","dateModified":"2024-12-20T14:21:28+00:00","breadcrumb":{"@id":"https:\/\/ihgp-steuer.de\/mandanten-login\/#breadcrumb"},"inLanguage":"tr","potentialAction":[{"@type":"ReadAction","target":["https:\/\/ihgp-steuer.de\/mandanten-login\/"]}]},{"@type":"BreadcrumbList","@id":"https:\/\/ihgp-steuer.de\/mandanten-login\/#breadcrumb","itemListElement":[{"@type":"ListItem","position":1,"name":"Startseite","item":"https:\/\/ihgp-steuer.de\/"},{"@type":"ListItem","position":2,"name":"Mandanten-Login"}]},{"@type":"WebSite","@id":"https:\/\/ihgp-steuer.de\/#website","url":"https:\/\/ihgp-steuer.de\/","name":"IHGP-STEUER","description":"","publisher":{"@id":"https:\/\/ihgp-steuer.de\/#organization"},"potentialAction":[{"@type":"SearchAction","target":{"@type":"EntryPoint","urlTemplate":"https:\/\/ihgp-steuer.de\/?s={search_term_string}"},"query-input":{"@type":"PropertyValueSpecification","valueRequired":true,"valueName":"search_term_string"}}],"inLanguage":"tr"},{"@type":"Organization","@id":"https:\/\/ihgp-steuer.de\/#organization","name":"IHGP-STEUER","url":"https:\/\/ihgp-steuer.de\/","logo":{"@type":"ImageObject","inLanguage":"tr","@id":"https:\/\/ihgp-steuer.de\/#\/schema\/logo\/image\/","url":"https:\/\/ihgp-steuer.de\/wp-content\/uploads\/2023\/06\/cropped-cropped-IHGP-Steuer-Logo-CMYK-weiss-1.png","contentUrl":"https:\/\/ihgp-steuer.de\/wp-content\/uploads\/2023\/06\/cropped-cropped-IHGP-Steuer-Logo-CMYK-weiss-1.png","width":1198,"height":1218,"caption":"IHGP-STEUER"},"image":{"@id":"https:\/\/ihgp-steuer.de\/#\/schema\/logo\/image\/"}}]}},"_links":{"self":[{"href":"https:\/\/ihgp-steuer.de\/tr\/wp-json\/wp\/v2\/pages\/488","targetHints":{"allow":["GET"]}}],"collection":[{"href":"https:\/\/ihgp-steuer.de\/tr\/wp-json\/wp\/v2\/pages"}],"about":[{"href":"https:\/\/ihgp-steuer.de\/tr\/wp-json\/wp\/v2\/types\/page"}],"author":[{"embeddable":true,"href":"https:\/\/ihgp-steuer.de\/tr\/wp-json\/wp\/v2\/users\/1"}],"replies":[{"embeddable":true,"href":"https:\/\/ihgp-steuer.de\/tr\/wp-json\/wp\/v2\/comments?post=488"}],"version-history":[{"count":8,"href":"https:\/\/ihgp-steuer.de\/tr\/wp-json\/wp\/v2\/pages\/488\/revisions"}],"predecessor-version":[{"id":935,"href":"https:\/\/ihgp-steuer.de\/tr\/wp-json\/wp\/v2\/pages\/488\/revisions\/935"}],"wp:attachment":[{"href":"https:\/\/ihgp-steuer.de\/tr\/wp-json\/wp\/v2\/media?parent=488"}],"curies":[{"name":"wp","href":"https:\/\/api.w.org\/{rel}","templated":true}]}}